{"id":21467,"date":"2025-12-11T10:57:44","date_gmt":"2025-12-11T09:57:44","guid":{"rendered":"https:\/\/balispirit.es\/physio-tantra\/"},"modified":"2026-03-27T11:31:03","modified_gmt":"2026-03-27T10:31:03","slug":"physio-tantra","status":"publish","type":"page","link":"https:\/\/balispirit.es\/fr\/physio-tantra\/","title":{"rendered":"Physio Tantra"},"content":{"rendered":"\t\t<div data-elementor-type=\"wp-page\" data-elementor-id=\"21467\" class=\"elementor elementor-21467 elementor-20793\" data-elementor-post-type=\"page\">\n\t\t\t\t\t\t<section class=\"elementor-section elementor-top-section elementor-element elementor-element-32f7ec1 elementor-section-full_width elementor-reverse-mobile elementor-section-height-default elementor-section-height-default\" data-id=\"32f7ec1\" data-element_type=\"section\" data-e-type=\"section\" data-settings=\"{&quot;background_background&quot;:&quot;classic&quot;}\">\n\t\t\t\t\t\t<div class=\"elementor-container elementor-column-gap-default\">\n\t\t\t\t\t<div class=\"elementor-column elementor-col-50 elementor-top-column elementor-element elementor-element-3146993\" data-id=\"3146993\" data-element_type=\"column\" data-e-type=\"column\" data-settings=\"{&quot;background_background&quot;:&quot;classic&quot;}\">\n\t\t\t<div class=\"elementor-widget-wrap elementor-element-populated\">\n\t\t\t\t\t\t<div class=\"elementor-element elementor-element-168f8cf elementor-widget elementor-widget-heading\" data-id=\"168f8cf\" data-element_type=\"widget\" data-e-type=\"widget\" data-widget_type=\"heading.default\">\n\t\t\t\t<div class=\"elementor-widget-container\">\n\t\t\t\t\t<h2 class=\"elementor-heading-title elementor-size-default\">PHYSIOTANTRA DE LOMBOK<\/h2>\t\t\t\t<\/div>\n\t\t\t\t<\/div>\n\t\t\t\t<div class=\"elementor-element elementor-element-d47bcb9 elementor-widget elementor-widget-text-editor\" data-id=\"d47bcb9\" data-element_type=\"widget\" data-e-type=\"widget\" data-widget_type=\"text-editor.default\">\n\t\t\t\t<div class=\"elementor-widget-container\">\n\t\t\t\t\t\t\t\t\tUne exp\u00e9rience de massage alliant techniques de physioth\u00e9rapie manuelle et approche holistique et sensorielle, inspir\u00e9e par la s\u00e9r\u00e9nit\u00e9 de l&rsquo;\u00eele de Lombok.<br>Un soin con\u00e7u pour celles et ceux qui recherchent un bien-\u00eatre profond, une relaxation consciente et une connexion \u00e0 leur corps.\n<ul>\n \t<li style=\"list-style-type: none;\">\n<ul>Ce massage agit \u00e0 diff\u00e9rents niveaux :<\/ul>\n<\/li>\n \t<li style=\"list-style-type: none;\">\n<ul>\u2022 Soulagement musculaire doux pour soulager les tensions accumul\u00e9es.<\/ul>\n<\/li>\n \t<li style=\"list-style-type: none;\">\n<ul>\u2022 Des man\u0153uvres inspir\u00e9es des techniques orientales qui invitent au calme mental.<\/ul><\/li>\n<li style=\"list-style-type: none;\">\n<ul>\u2022 Un travail corporel conscient, ax\u00e9 sur la respiration et l&rsquo;\u00e9quilibre int\u00e9rieur.<\/ul>\n<\/li>\n\nLe r\u00e9sultat est une exp\u00e9rience immersive, respectueuse et professionnelle, con\u00e7ue pour vous aider \u00e0 renouer avec vous-m\u00eame, \u00e0 r\u00e9duire le stress et \u00e0 retrouver votre sentiment naturel de bien-\u00eatre.\t\t\t\t\t\t\t\t<\/div>\n\t\t\t\t<\/div>\n\t\t\t\t<section class=\"elementor-section elementor-inner-section elementor-element elementor-element-e511282 elementor-section-boxed elementor-section-height-default elementor-section-height-default\" data-id=\"e511282\" data-element_type=\"section\" data-e-type=\"section\">\n\t\t\t\t\t\t<div class=\"elementor-container elementor-column-gap-default\">\n\t\t\t\t\t<div class=\"elementor-column elementor-col-100 elementor-inner-column elementor-element elementor-element-ef9b4c8\" data-id=\"ef9b4c8\" data-element_type=\"column\" data-e-type=\"column\">\n\t\t\t<div class=\"elementor-widget-wrap elementor-element-populated\">\n\t\t\t\t\t\t<div class=\"elementor-element elementor-element-02b031f elementor-widget elementor-widget-heading\" data-id=\"02b031f\" data-element_type=\"widget\" data-e-type=\"widget\" data-widget_type=\"heading.default\">\n\t\t\t\t<div class=\"elementor-widget-container\">\n\t\t\t\t\t<p class=\"elementor-heading-title elementor-size-default\">139\u20ac (1h) - 189\u20ac (1h 30min)<\/p>\t\t\t\t<\/div>\n\t\t\t\t<\/div>\n\t\t\t\t<div class=\"elementor-element elementor-element-d6744f6 elementor-add-to-cart--align-center elementor-widget elementor-widget-wc-add-to-cart\" data-id=\"d6744f6\" data-element_type=\"widget\" data-e-type=\"widget\" data-widget_type=\"wc-add-to-cart.default\">\n\t\t\t\t<div class=\"elementor-widget-container\">\n\t\t\t\t\t\n<form class=\"variations_form cart\" action=\"https:\/\/balispirit.es\/producto\/fisiotantra-lombok\/\" method=\"post\" enctype='multipart\/form-data' data-product_id=\"20777\" data-product_variations=\"[{&quot;attributes&quot;:{&quot;attribute_duracion&quot;:&quot;1h&quot;},&quot;availability_html&quot;:&quot;&quot;,&quot;backorders_allowed&quot;:false,&quot;dimensions&quot;:{&quot;length&quot;:&quot;&quot;,&quot;width&quot;:&quot;&quot;,&quot;height&quot;:&quot;&quot;},&quot;dimensions_html&quot;:&quot;ND&quot;,&quot;display_price&quot;:154,&quot;display_regular_price&quot;:154,&quot;image&quot;:{&quot;title&quot;:&quot;producto&quot;,&quot;caption&quot;:&quot;&quot;,&quot;url&quot;:&quot;https:\\\/\\\/balispirit.es\\\/wp-content\\\/uploads\\\/2025\\\/12\\\/producto.webp&quot;,&quot;alt&quot;:&quot;producto&quot;,&quot;src&quot;:&quot;https:\\\/\\\/balispirit.es\\\/wp-content\\\/uploads\\\/2025\\\/12\\\/producto-600x400.webp&quot;,&quot;srcset&quot;:&quot;https:\\\/\\\/balispirit.es\\\/wp-content\\\/uploads\\\/2025\\\/12\\\/producto-600x400.webp 600w, https:\\\/\\\/balispirit.es\\\/wp-content\\\/uploads\\\/2025\\\/12\\\/producto-300x200.webp 300w, https:\\\/\\\/balispirit.es\\\/wp-content\\\/uploads\\\/2025\\\/12\\\/producto-1024x683.webp 1024w, https:\\\/\\\/balispirit.es\\\/wp-content\\\/uploads\\\/2025\\\/12\\\/producto-768x512.webp 768w, https:\\\/\\\/balispirit.es\\\/wp-content\\\/uploads\\\/2025\\\/12\\\/producto.webp 1200w&quot;,&quot;sizes&quot;:&quot;(max-width: 600px) 100vw, 600px&quot;,&quot;full_src&quot;:&quot;https:\\\/\\\/balispirit.es\\\/wp-content\\\/uploads\\\/2025\\\/12\\\/producto.webp&quot;,&quot;full_src_w&quot;:1200,&quot;full_src_h&quot;:800,&quot;gallery_thumbnail_src&quot;:&quot;https:\\\/\\\/balispirit.es\\\/wp-content\\\/uploads\\\/2025\\\/12\\\/producto-100x100.webp&quot;,&quot;gallery_thumbnail_src_w&quot;:100,&quot;gallery_thumbnail_src_h&quot;:100,&quot;thumb_src&quot;:&quot;https:\\\/\\\/balispirit.es\\\/wp-content\\\/uploads\\\/2025\\\/12\\\/producto-300x300.webp&quot;,&quot;thumb_src_w&quot;:300,&quot;thumb_src_h&quot;:300,&quot;src_w&quot;:600,&quot;src_h&quot;:400},&quot;image_id&quot;:20778,&quot;is_downloadable&quot;:false,&quot;is_in_stock&quot;:true,&quot;is_purchasable&quot;:true,&quot;is_sold_individually&quot;:&quot;no&quot;,&quot;is_virtual&quot;:false,&quot;max_qty&quot;:&quot;&quot;,&quot;min_qty&quot;:1,&quot;price_html&quot;:&quot;&lt;span class=\\&quot;price\\&quot;&gt;&lt;span class=\\&quot;woocommerce-Price-amount amount\\&quot;&gt;&lt;bdi&gt;154,00&amp;nbsp;&lt;span class=\\&quot;woocommerce-Price-currencySymbol\\&quot;&gt;&amp;euro;&lt;\\\/span&gt;&lt;\\\/bdi&gt;&lt;\\\/span&gt;&lt;\\\/span&gt;&quot;,&quot;sku&quot;:&quot;&quot;,&quot;variation_description&quot;:&quot;&quot;,&quot;variation_id&quot;:21077,&quot;variation_is_active&quot;:true,&quot;variation_is_visible&quot;:true,&quot;weight&quot;:&quot;&quot;,&quot;weight_html&quot;:&quot;ND&quot;},{&quot;attributes&quot;:{&quot;attribute_duracion&quot;:&quot;1:30h&quot;},&quot;availability_html&quot;:&quot;&quot;,&quot;backorders_allowed&quot;:false,&quot;dimensions&quot;:{&quot;length&quot;:&quot;&quot;,&quot;width&quot;:&quot;&quot;,&quot;height&quot;:&quot;&quot;},&quot;dimensions_html&quot;:&quot;ND&quot;,&quot;display_price&quot;:184,&quot;display_regular_price&quot;:184,&quot;image&quot;:{&quot;title&quot;:&quot;producto&quot;,&quot;caption&quot;:&quot;&quot;,&quot;url&quot;:&quot;https:\\\/\\\/balispirit.es\\\/wp-content\\\/uploads\\\/2025\\\/12\\\/producto.webp&quot;,&quot;alt&quot;:&quot;producto&quot;,&quot;src&quot;:&quot;https:\\\/\\\/balispirit.es\\\/wp-content\\\/uploads\\\/2025\\\/12\\\/producto-600x400.webp&quot;,&quot;srcset&quot;:&quot;https:\\\/\\\/balispirit.es\\\/wp-content\\\/uploads\\\/2025\\\/12\\\/producto-600x400.webp 600w, https:\\\/\\\/balispirit.es\\\/wp-content\\\/uploads\\\/2025\\\/12\\\/producto-300x200.webp 300w, https:\\\/\\\/balispirit.es\\\/wp-content\\\/uploads\\\/2025\\\/12\\\/producto-1024x683.webp 1024w, https:\\\/\\\/balispirit.es\\\/wp-content\\\/uploads\\\/2025\\\/12\\\/producto-768x512.webp 768w, https:\\\/\\\/balispirit.es\\\/wp-content\\\/uploads\\\/2025\\\/12\\\/producto.webp 1200w&quot;,&quot;sizes&quot;:&quot;(max-width: 600px) 100vw, 600px&quot;,&quot;full_src&quot;:&quot;https:\\\/\\\/balispirit.es\\\/wp-content\\\/uploads\\\/2025\\\/12\\\/producto.webp&quot;,&quot;full_src_w&quot;:1200,&quot;full_src_h&quot;:800,&quot;gallery_thumbnail_src&quot;:&quot;https:\\\/\\\/balispirit.es\\\/wp-content\\\/uploads\\\/2025\\\/12\\\/producto-100x100.webp&quot;,&quot;gallery_thumbnail_src_w&quot;:100,&quot;gallery_thumbnail_src_h&quot;:100,&quot;thumb_src&quot;:&quot;https:\\\/\\\/balispirit.es\\\/wp-content\\\/uploads\\\/2025\\\/12\\\/producto-300x300.webp&quot;,&quot;thumb_src_w&quot;:300,&quot;thumb_src_h&quot;:300,&quot;src_w&quot;:600,&quot;src_h&quot;:400},&quot;image_id&quot;:20778,&quot;is_downloadable&quot;:false,&quot;is_in_stock&quot;:true,&quot;is_purchasable&quot;:true,&quot;is_sold_individually&quot;:&quot;no&quot;,&quot;is_virtual&quot;:false,&quot;max_qty&quot;:&quot;&quot;,&quot;min_qty&quot;:1,&quot;price_html&quot;:&quot;&lt;span class=\\&quot;price\\&quot;&gt;&lt;span class=\\&quot;woocommerce-Price-amount amount\\&quot;&gt;&lt;bdi&gt;184,00&amp;nbsp;&lt;span class=\\&quot;woocommerce-Price-currencySymbol\\&quot;&gt;&amp;euro;&lt;\\\/span&gt;&lt;\\\/bdi&gt;&lt;\\\/span&gt;&lt;\\\/span&gt;&quot;,&quot;sku&quot;:&quot;&quot;,&quot;variation_description&quot;:&quot;&quot;,&quot;variation_id&quot;:21078,&quot;variation_is_active&quot;:true,&quot;variation_is_visible&quot;:true,&quot;weight&quot;:&quot;&quot;,&quot;weight_html&quot;:&quot;ND&quot;}]\">\n\t\n\t\t\t<table class=\"variations\" cellspacing=\"0\" role=\"presentation\">\n\t\t\t<tbody>\n\t\t\t\t\t\t\t\t\t<tr>\n\t\t\t\t\t\t<th class=\"label\"><label for=\"duracion\">duraci\u00f3n<\/label><\/th>\n\t\t\t\t\t\t<td class=\"value\">\n\t\t\t\t\t\t\t<select id=\"duracion\" class=\"\" name=\"attribute_duracion\" data-attribute_name=\"attribute_duracion\" data-show_option_none=\"yes\"><option value=\"\">Choisir une option<\/option><option value=\"1h\" >1h<\/option><option value=\"1:30h\" >1:30h<\/option><\/select><a class=\"reset_variations\" href=\"#\" aria-label=\"Effacer les options\">Effacer<\/a>\t\t\t\t\t\t<\/td>\n\t\t\t\t\t<\/tr>\n\t\t\t\t\t\t\t<\/tbody>\n\t\t<\/table>\n\t\t<div class=\"reset_variations_alert screen-reader-text\" role=\"alert\" aria-live=\"polite\" aria-relevant=\"all\"><\/div>\n\t\t\n\t\t<div class=\"single_variation_wrap\">\n\t\t\t<div class=\"woocommerce-variation single_variation\" role=\"alert\" aria-relevant=\"additions\"><\/div><div class=\"woocommerce-variation-add-to-cart variations_button\">\n\t\n\t<div class=\"quantity\">\n\t\t<label class=\"screen-reader-text\" for=\"quantity_69e8db93c2270\">quantit\u00e9 de FISIOTANTRA LOMBOK<\/label>\n\t<input\n\t\ttype=\"number\"\n\t\t\t\tid=\"quantity_69e8db93c2270\"\n\t\tclass=\"input-text qty text\"\n\t\tname=\"quantity\"\n\t\tvalue=\"1\"\n\t\taria-label=\"Quantit\u00e9 de produits\"\n\t\t\t\tmin=\"1\"\n\t\t\t\t\t\t\tstep=\"1\"\n\t\t\tplaceholder=\"\"\n\t\t\tinputmode=\"numeric\"\n\t\t\tautocomplete=\"off\"\n\t\t\t\/>\n\t<\/div>\n\n\t<button type=\"submit\" class=\"single_add_to_cart_button elementor-button button alt\">\t\t<span class=\"elementor-button-content-wrapper\">\n\t\t\t\t\t\t<span class=\"elementor-button-icon\">\n\t\t\t\t<i aria-hidden=\"true\" class=\"fas fa-shopping-cart\"><\/i>\t\t\t<\/span>\n\t\t\t\t\t\t\t\t\t<span class=\"elementor-button-text\">Ajouter au panier<\/span>\n\t\t\t\t\t<\/span>\n\t\t<\/button>\n\n\t\n\t<input type=\"hidden\" name=\"add-to-cart\" value=\"20777\" \/>\n\t<input type=\"hidden\" name=\"product_id\" value=\"20777\" \/>\n\t<input type=\"hidden\" name=\"variation_id\" class=\"variation_id\" value=\"0\" \/>\n<\/div>\n\t\t<\/div>\n\t\n\t<\/form>\n\n\t\t\t\t<\/div>\n\t\t\t\t<\/div>\n\t\t\t\t\t<\/div>\n\t\t<\/div>\n\t\t\t\t\t<\/div>\n\t\t<\/section>\n\t\t\t\t\t<\/div>\n\t\t<\/div>\n\t\t\t\t<div class=\"elementor-column elementor-col-50 elementor-top-column elementor-element elementor-element-5d925ef\" data-id=\"5d925ef\" data-element_type=\"column\" data-e-type=\"column\" data-settings=\"{&quot;background_background&quot;:&quot;classic&quot;}\">\n\t\t\t<div class=\"elementor-widget-wrap elementor-element-populated\">\n\t\t\t\t\t\t<div class=\"elementor-element elementor-element-ba99410 elementor-widget elementor-widget-spacer\" data-id=\"ba99410\" data-element_type=\"widget\" data-e-type=\"widget\" data-widget_type=\"spacer.default\">\n\t\t\t\t<div class=\"elementor-widget-container\">\n\t\t\t\t\t\t\t<div class=\"elementor-spacer\">\n\t\t\t<div class=\"elementor-spacer-inner\"><\/div>\n\t\t<\/div>\n\t\t\t\t\t\t<\/div>\n\t\t\t\t<\/div>\n\t\t\t\t\t<\/div>\n\t\t<\/div>\n\t\t\t\t\t<\/div>\n\t\t<\/section>\n\t\t\t\t<section class=\"elementor-section elementor-top-section elementor-element elementor-element-7233b22 elementor-section-boxed elementor-section-height-default elementor-section-height-default\" data-id=\"7233b22\" data-element_type=\"section\" data-e-type=\"section\">\n\t\t\t\t\t\t<div class=\"elementor-container elementor-column-gap-default\">\n\t\t\t\t\t<div class=\"elementor-column elementor-col-100 elementor-top-column elementor-element elementor-element-5abb5e9\" data-id=\"5abb5e9\" data-element_type=\"column\" data-e-type=\"column\">\n\t\t\t<div class=\"elementor-widget-wrap elementor-element-populated\">\n\t\t\t\t\t\t<div class=\"elementor-element elementor-element-ed05e50 elementor-widget elementor-widget-heading\" data-id=\"ed05e50\" data-element_type=\"widget\" data-e-type=\"widget\" data-widget_type=\"heading.default\">\n\t\t\t\t<div class=\"elementor-widget-container\">\n\t\t\t\t\t<h1 class=\"elementor-heading-title elementor-size-default\">Physio Trantra<\/h1>\t\t\t\t<\/div>\n\t\t\t\t<\/div>\n\t\t\t\t<div class=\"elementor-element elementor-element-e893db8 elementor-widget__width-initial elementor-widget elementor-widget-text-editor\" data-id=\"e893db8\" data-element_type=\"widget\" data-e-type=\"widget\" data-widget_type=\"text-editor.default\">\n\t\t\t\t<div class=\"elementor-widget-container\">\n\t\t\t\t\t\t\t\t\t<p>D\u00e9couvrez-vous en train de synchroniser votre rythme cardiaque avec notre guide tantrique.<\/p><p>Nos experts sauront vous d\u00e9tendre tout en \u00e9liminant le stress et les tensions physiques accumul\u00e9s au quotidien. Un \u00e9quilibre parfait entre pr\u00e9cision corporelle et recherche de la connexion int\u00e9rieure. Nos massages signature lib\u00e8rent, adoucissent et \u00e9veillent.  <\/p><p>Ressentez votre \u00e9nergie circuler avec intention, technique et harmonie.<\/p>\t\t\t\t\t\t\t\t<\/div>\n\t\t\t\t<\/div>\n\t\t\t\t\t<\/div>\n\t\t<\/div>\n\t\t\t\t\t<\/div>\n\t\t<\/section>\n\t\t\t\t<section class=\"elementor-section elementor-top-section elementor-element elementor-element-4b61cec elementor-section-boxed elementor-section-height-default elementor-section-height-default\" data-id=\"4b61cec\" data-element_type=\"section\" data-e-type=\"section\">\n\t\t\t\t\t\t<div class=\"elementor-container elementor-column-gap-default\">\n\t\t\t\t\t<div class=\"elementor-column elementor-col-100 elementor-top-column elementor-element elementor-element-ad78c00\" data-id=\"ad78c00\" data-element_type=\"column\" data-e-type=\"column\">\n\t\t\t<div class=\"elementor-widget-wrap elementor-element-populated\">\n\t\t\t\t\t\t<div class=\"elementor-element elementor-element-7d5be62 elementor-widget elementor-widget-heading\" data-id=\"7d5be62\" data-element_type=\"widget\" data-e-type=\"widget\" data-widget_type=\"heading.default\">\n\t\t\t\t<div class=\"elementor-widget-container\">\n\t\t\t\t\t<h2 class=\"elementor-heading-title elementor-size-default\">Massages relaxants et d\u00e9congestionnants<\/h2>\t\t\t\t<\/div>\n\t\t\t\t<\/div>\n\t\t\t\t<div class=\"elementor-element elementor-element-d747293 elementor-widget__width-initial elementor-widget elementor-widget-text-editor\" data-id=\"d747293\" data-element_type=\"widget\" data-e-type=\"widget\" data-widget_type=\"text-editor.default\">\n\t\t\t\t<div class=\"elementor-widget-container\">\n\t\t\t\t\t\t\t\t\t<p>Le massage tantrique puise ses racines dans les traditions ancestrales du Tantra, une philosophie qui con\u00e7oit le corps comme un pont vers la conscience, la pr\u00e9sence et l&rsquo;\u00e9nergie vitale. Chez BALISpirit, nous l&rsquo;exprimons par des mouvements lents, fluides et profond\u00e9ment conscients qui visent \u00e0 \u00e9veiller la sensibilit\u00e9, \u00e0 \u00e9quilibrer l&rsquo;\u00e9nergie et \u00e0 permettre \u00e0 chacun de se reconnecter \u00e0 son corps dans un \u00e9tat de calme et d&rsquo;\u00e9coute int\u00e9rieure.  <br><br>Lorsque cette tradition s&rsquo;int\u00e8gre \u00e0 la physioth\u00e9rapie manuelle, une proposition unique et tr\u00e8s compl\u00e8te se dessine : le Tantra offre pleine conscience, respiration guid\u00e9e et travail \u00e9nerg\u00e9tique qui harmonisent le corps et l&rsquo;esprit, tandis que la physioth\u00e9rapie apporte connaissances anatomiques, pr\u00e9cision technique, approche musculaire s\u00e9curitaire et solide expertise professionnelle. Cette combinaison permet un massage qui non seulement traite les tensions et le stress, mais invite aussi \u00e0 une exp\u00e9rience corporelle globale, favorisant l&rsquo;unit\u00e9, l&rsquo;\u00e9quilibre et un profond bien-\u00eatre. C&rsquo;est une approche o\u00f9 technique et sensibilit\u00e9 se rencontrent, o\u00f9 le soulagement physique s&rsquo;allie \u00e0 la relaxation \u00e9motionnelle, et o\u00f9 chacun peut b\u00e9n\u00e9ficier d&rsquo;un accompagnement respectueux et attentif, enti\u00e8rement adapt\u00e9 \u00e0 ses besoins, dans un cadre \u00e9thique qui privil\u00e9gie le soin, l&rsquo;intimit\u00e9 et l&rsquo;exp\u00e9rience int\u00e9grale du client.   <\/p>\t\t\t\t\t\t\t\t<\/div>\n\t\t\t\t<\/div>\n\t\t\t\t\t<\/div>\n\t\t<\/div>\n\t\t\t\t\t<\/div>\n\t\t<\/section>\n\t\t\t\t<section class=\"elementor-section elementor-top-section elementor-element elementor-element-5986c50 elementor-section-boxed elementor-section-height-default elementor-section-height-default\" data-id=\"5986c50\" data-element_type=\"section\" data-e-type=\"section\">\n\t\t\t\t\t\t<div class=\"elementor-container elementor-column-gap-default\">\n\t\t\t\t\t<div class=\"elementor-column elementor-col-100 elementor-top-column elementor-element elementor-element-dd82233\" data-id=\"dd82233\" data-element_type=\"column\" data-e-type=\"column\">\n\t\t\t<div class=\"elementor-widget-wrap elementor-element-populated\">\n\t\t\t\t\t\t<div class=\"elementor-element elementor-element-fcd7d81 elementor-widget elementor-widget-toggle\" data-id=\"fcd7d81\" data-element_type=\"widget\" data-e-type=\"widget\" data-widget_type=\"toggle.default\">\n\t\t\t\t<div class=\"elementor-widget-container\">\n\t\t\t\t\t\t\t<div class=\"elementor-toggle\">\n\t\t\t\t\t\t\t<div class=\"elementor-toggle-item\">\n\t\t\t\t\t<h3 id=\"elementor-tab-title-2651\" class=\"elementor-tab-title\" data-tab=\"1\" role=\"button\" aria-controls=\"elementor-tab-content-2651\" aria-expanded=\"false\">\n\t\t\t\t\t\t\t\t\t\t\t\t<span class=\"elementor-toggle-icon elementor-toggle-icon-left\" aria-hidden=\"true\">\n\t\t\t\t\t\t\t\t\t\t\t\t\t\t\t<span class=\"elementor-toggle-icon-closed\"><i class=\"fas fa-caret-right\"><\/i><\/span>\n\t\t\t\t\t\t\t\t<span class=\"elementor-toggle-icon-opened\"><i class=\"elementor-toggle-icon-opened fas fa-caret-up\"><\/i><\/span>\n\t\t\t\t\t\t\t\t\t\t\t\t\t<\/span>\n\t\t\t\t\t\t\t\t\t\t\t\t<a class=\"elementor-toggle-title\" tabindex=\"0\">Vivez une exp\u00e9rience sensorielle pour le corps et l'esprit<\/a>\n\t\t\t\t\t<\/h3>\n\n\t\t\t\t\t<div id=\"elementor-tab-content-2651\" class=\"elementor-tab-content elementor-clearfix\" data-tab=\"1\" role=\"region\" aria-labelledby=\"elementor-tab-title-2651\"><p>D\u00e8s votre entr\u00e9e au Bali Spirit, vos sens s&#8217;embarquent pour un voyage vers la s\u00e9r\u00e9nit\u00e9. La lumi\u00e8re tamis\u00e9e, la musique douce et le d\u00e9licat parfum des huiles essentielles cr\u00e9ent le cadre id\u00e9al pour une d\u00e9tente absolue.  <\/p>\n<p>Nos massages pour femmes \u00e0 Barcelone sont personnalis\u00e9s selon les besoins de chacune. Diff\u00e9rentes techniques permettent de rel\u00e2cher les tensions musculaires et de revitaliser l&rsquo;organisme. L&rsquo;association de longs mouvements enveloppants et de pressions douces et cibl\u00e9es induit une relaxation profonde.   <\/p>\n<p>Chaque cabine de massage a \u00e9t\u00e9 con\u00e7ue pour optimiser le confort et l&rsquo;intimit\u00e9. Chaque d\u00e9tail, de la temp\u00e9rature \u00e0 la musique d&rsquo;ambiance, est pens\u00e9 pour rendre votre exp\u00e9rience transformatrice.  <\/p>\n<p>Un rituel d&rsquo;amour-propre. Offrez-vous ce cadeau, plongez dans un massage relaxant chez Bali Spirit et sentez votre corps et votre esprit rena\u00eetre dans un \u00e9tat de paix et d&rsquo;harmonie.  <\/p>\n<\/div>\n\t\t\t\t<\/div>\n\t\t\t\t\t\t\t\t<\/div>\n\t\t\t\t\t\t<\/div>\n\t\t\t\t<\/div>\n\t\t\t\t\t<\/div>\n\t\t<\/div>\n\t\t\t\t\t<\/div>\n\t\t<\/section>\n\t\t\t\t<\/div>\n\t\t","protected":false},"excerpt":{"rendered":"<p>PHYSIOTANTRA DE LOMBOK Une exp\u00e9rience de massage alliant techniques de physioth\u00e9rapie manuelle et approche holistique et sensorielle, inspir\u00e9e par la s\u00e9r\u00e9nit\u00e9 de l&rsquo;\u00eele de Lombok.Un soin con\u00e7u pour celles et ceux qui recherchent un bien-\u00eatre profond, une relaxation consciente et une connexion \u00e0 leur corps. Ce massage agit \u00e0 diff\u00e9rents niveaux : \u2022 Soulagement musculaire [&hellip;]<\/p>\n","protected":false},"author":3,"featured_media":0,"parent":0,"menu_order":0,"comment_status":"closed","ping_status":"closed","template":"elementor_header_footer","meta":{"_acf_changed":false,"_joinchat":[],"footnotes":""},"class_list":["post-21467","page","type-page","status-publish","hentry"],"acf":[],"_links":{"self":[{"href":"https:\/\/balispirit.es\/fr\/wp-json\/wp\/v2\/pages\/21467","targetHints":{"allow":["GET"]}}],"collection":[{"href":"https:\/\/balispirit.es\/fr\/wp-json\/wp\/v2\/pages"}],"about":[{"href":"https:\/\/balispirit.es\/fr\/wp-json\/wp\/v2\/types\/page"}],"author":[{"embeddable":true,"href":"https:\/\/balispirit.es\/fr\/wp-json\/wp\/v2\/users\/3"}],"replies":[{"embeddable":true,"href":"https:\/\/balispirit.es\/fr\/wp-json\/wp\/v2\/comments?post=21467"}],"version-history":[{"count":1,"href":"https:\/\/balispirit.es\/fr\/wp-json\/wp\/v2\/pages\/21467\/revisions"}],"predecessor-version":[{"id":21469,"href":"https:\/\/balispirit.es\/fr\/wp-json\/wp\/v2\/pages\/21467\/revisions\/21469"}],"wp:attachment":[{"href":"https:\/\/balispirit.es\/fr\/wp-json\/wp\/v2\/media?parent=21467"}],"curies":[{"name":"wp","href":"https:\/\/api.w.org\/{rel}","templated":true}]}}