{"id":21555,"date":"2023-02-27T00:16:51","date_gmt":"2023-02-26T23:16:51","guid":{"rendered":"https:\/\/balispirit.es\/politica-de-cancelacion\/"},"modified":"2026-04-01T14:08:07","modified_gmt":"2026-04-01T13:08:07","slug":"politica-de-cancelacion","status":"publish","type":"page","link":"https:\/\/balispirit.es\/en\/politica-de-cancelacion\/","title":{"rendered":"Pol\u00edtica de cancelaci\u00f3n"},"content":{"rendered":"\t\t<div data-elementor-type=\"wp-page\" data-elementor-id=\"21555\" class=\"elementor elementor-21555 elementor-14194\" data-elementor-post-type=\"page\">\n\t\t\t\t\t\t<section class=\"elementor-section elementor-top-section elementor-element elementor-element-bd30334 elementor-section-boxed elementor-section-height-default elementor-section-height-default\" data-id=\"bd30334\" data-element_type=\"section\" data-e-type=\"section\">\n\t\t\t\t\t\t<div class=\"elementor-container elementor-column-gap-default\">\n\t\t\t\t\t<div class=\"elementor-column elementor-col-100 elementor-top-column elementor-element elementor-element-3b0919a\" data-id=\"3b0919a\" data-element_type=\"column\" data-e-type=\"column\">\n\t\t\t<div class=\"elementor-widget-wrap elementor-element-populated\">\n\t\t\t\t\t\t<div class=\"elementor-element elementor-element-5f6c78a elementor-widget elementor-widget-text-editor\" data-id=\"5f6c78a\" data-element_type=\"widget\" data-e-type=\"widget\" data-widget_type=\"text-editor.default\">\n\t\t\t\t<div class=\"elementor-widget-container\">\n\t\t\t\t\t\t\t\t\t<div id=\"content\"><section class=\"page-main-titles11 \"><div class=\"container\"><div class=\"row\"><div class=\"col-lg-12\"><article id=\"post-194\" class=\"post-194 page type-page status-publish hentry entry\"><div class=\"entry-content\"><h2>SPA Rules and Conditions<\/h2><h4>ADVANCE BOOKING<\/h4><p>We recommend that you book your treatment in advance to secure your preferred time and service.<\/p><p>All therapists at the center are highly qualified, and Bali Spirit reserves the right to assign therapists according to its schedule, although priority will be given to preferences.<\/p><p><strong>RESERVATION POLICY<\/strong><\/p><p>To formalize the booking of treatments for two or more people, a deposit of \u20ac50 per person is required.<\/p><p><strong>The deposit:<\/strong><\/p><p>\u2013 It will be deducted from the total amount due on the day of the appointment.<\/p><p>\u2013It is non-refundable.<\/p><p>Changes will only be accepted with a minimum of 24 hours&#8217; notice. For same-day bookings, changes must be made at least 4 hours in advance; otherwise, the deposit will be forfeited. <\/p><p>If the customer does not wish to leave the deposit, then we will not be able to guarantee the reservation, giving priority to those customers who do leave it.<\/p><p><strong>RESERVATION PAYMENT<\/strong><\/p><p>The reservation payment can be made in several ways:<\/p><p>-In person at our center located at Aribau 59 street in Barcelona.<\/p><p>-By phone, providing only the front details of a bank card. The CVC will never be requested. (In this case, the system accepts any type of card except American Express).  <\/p><p><strong>CANCELLATION POLICY<\/strong><\/p><p>Cancellations, modifications or no-shows less than 24 hours before the appointment, or 4 hours for bookings made on the same day, will result in the loss of the \u20ac50 deposit per person.<\/p><p>In the case of appointments that do not require a deposit, if the cancellation or modification is not made at least 24 hours before the scheduled appointment, or 4 hours in the case of bookings made on the same day, Bali Spirit reserves the right to request payment for the next appointment in advance.<\/p><p>You can cancel your reservation by contacting us via WhatsApp at +34 650 328 560, by calling +34 934 517 085, or at our center at Aribau 59 street in Barcelona.<\/p><p><strong>PRICES<\/strong><\/p><p>The prices of the treatments listed on the website are shown in \u20ac and are final purchase prices. <a href=\"https:\/\/balispirit.es\/en\/\">www.balispirit.es<\/a> reserves the right to modify its prices at any time. However, Bali Spirit is committed to applying the rates in effect as shown on the website at the time of your purchase. <\/p><p><strong>ARRIVAL AT BALI SPIRIT SPA<\/strong><\/p><p>We recommend arriving 10 minutes before your appointment to allow time to change and fill out the LDPD form.<\/p><p>For administrative reasons, the ID number of the person making the reservation will be requested.<\/p><p><strong>DURATION OF YOUR TREATMENT<\/strong><\/p><p>The treatment time is booked before entering the treatment room; however, it can always be extended if the schedule allows. The therapist will check with reception to see if there is availability. <\/p><p>If you arrive later than your appointment time, the service will be interrupted and you will receive less time than you had booked, you will still have to pay for the service in full.<\/p><p>Once the service is finished, the therapist will notify you that your treatment has ended.<\/p><p>The treatment rooms must be vacated after the service is completed. Bali Spirit allows a maximum of 15 minutes to leave the room after the treatment is finished. Otherwise, the spa reserves the right to apply surcharges in case of non-compliance (\u20ac10 for every additional five minutes).  <\/p><p><strong>SPA RULES<\/strong><\/p><p>Walking barefoot is not permitted in our facilities. It could cause slips and accidents. <\/p><p>Smoking and drug use are prohibited inside the establishment.<\/p><p>If you disrespect your therapist or confuse the massage service with a sexual service, causing discomfort and interrupting the treatment, your therapist may terminate the service and charge the full fee at reception.<\/p><p><strong>ONLINE SHOPPING<\/strong><\/p><p>Any of our treatments can be purchased through our website <a href=\"https:\/\/balispirit.es\/en\/\">www.balispirit.es.<\/a> Purchases are valid for 3 months, except for the Baby Spa, Expectant Mother and Postpartum sections, which are valid for 6 months. <\/p><p>Expired purchases will not be accepted. Before the expiration date, and in extreme cases, you can call to extend it if necessary. <\/p><p>The product can only be purchased through the website; reservations must be made via WhatsApp at +34 650 328 560, by calling +34 934 517 085, or at our center at Aribau 59 street in Barcelona.<\/p><p><strong>GIFT CERTIFICATES<\/strong><\/p><p>You can purchase a gift voucher for any of our treatments through our website <a href=\"https:\/\/balispirit.es\/en\/\">www.balispirit.es<\/a>, via WhatsApp, by phone, or in person. Gift vouchers are valid for 3 months, except for the Baby Spa, Expectant Mother, and Postpartum sections, which are valid for 6 months. <\/p><p>Expired checks will not be accepted. Before the expiration date, and in extreme cases, you may call to extend it if necessary. <\/p><p>If the recipient wishes to modify or extend the treatment or ritual listed on their gift certificate, they can do so by notifying us at the time of booking.<br>\u2013 If you choose treatments with a value higher than the amount of the gift voucher, you will have to pay the corresponding difference on the day of your appointment.<br>\u2013 If you choose a treatment with a lower value than the amount of the gift voucher, the difference will remain pending redemption, always during the validity period of your gift voucher.<\/p><p>You can make the reservation via WhatsApp at +34 650 328 560, by calling +34 934 517 085, or at our center at Aribau 59 street in Barcelona.<\/p><p><strong>VOUCHER<\/strong><\/p><p>We offer the option to purchase vouchers, which Bali Spirit will use to reward your loyalty by giving you credit to spend. These vouchers function as prepayments, and your treatments will be deducted from them as you use them. <\/p><p>These vouchers are for multiple people and do not expire.<\/p><p>You can request more information about our vouchers via WhatsApp at +34 650 328 560, by calling +34 934 517 085, or at our center at Aribau 59 street in Barcelona.<\/p><p><strong>REQUIRED AGE<\/strong><\/p><p>There is no minimum age requirement. Bali Spirit caters to everyone from babies to adults, but minors must be accompanied by an adult. <\/p><p><strong>HEALTH CONDITIONS<\/strong><\/p><p>Inform our team of any health conditions, allergies, or injuries when booking your treatment.<\/p><p><strong>LOSSES OR DAMAGES<\/strong><\/p><p>The Spa will not be responsible for accidents, possible losses or damage to personal belongings.<\/p><p><strong>SPA SHOP<\/strong><\/p><p>To continue your spa experience at home, visit our spa shop where you&#8217;ll find all our best sellers such as oils, peels, and creams.<\/p><p><strong>RETURNS AND EXCHANGES<\/strong><\/p><p>No se realizar\u00e1n devoluciones de pagos ni de servicios ya realizados; sin embargo, se aceptan modificaciones de reservas, siempre y cuando se avisen con 24 horas de antelaci\u00f3n. En el caso de citas realizadas el mismo d\u00eda, dicho aviso debe ser realizado con un m\u00ednimo de 4 horas para ser aceptado. <\/p><\/div><footer class=\"entry-footer default-max-width\"><span class=\"edit-link\"><a class=\"post-edit-link\" href=\"https:\/\/balispirit.es\/wp-admin\/post.php?post=194&amp;action=edit\"><span class=\"screen-reader-text\">Edit Cancellation Policy<\/span><\/a><\/span><\/footer><\/article><\/div><\/div><\/div><\/section><\/div><h2>SPA Rules and Conditions<\/h2><h4>ADVANCE BOOKING<\/h4><p>We recommend that you book your treatment in advance to secure your preferred time and service.<\/p><p>All therapists at the center are highly qualified, and Bali Spirit reserves the right to assign therapists according to its schedule, although priority will be given to preferences.<\/p><p><strong>RESERVATION POLICY<\/strong><\/p><p>To formalize the booking of treatments for two or more people, a deposit of \u20ac50 per person is required.<\/p><p><strong>The deposit:<\/strong><\/p><p>\u2013 It will be deducted from the total amount due on the day of the appointment.<\/p><p>\u2013It is non-refundable.<\/p><p>Changes will only be accepted with a minimum of 24 hours&#8217; notice. For same-day bookings, changes must be made at least 4 hours in advance; otherwise, the deposit will be forfeited. <\/p><p>If the customer does not wish to leave the deposit, then we will not be able to guarantee the reservation, giving priority to those customers who do leave it.<\/p><p><strong>RESERVATION PAYMENT<\/strong><\/p><p>The reservation payment can be made in several ways:<\/p><p>-In person at our center located at Aribau 59 street in Barcelona.<\/p><p>-By phone, providing only the front details of a bank card. The CVC will never be requested. (In this case, the system accepts any type of card except American Express).  <\/p><p><strong>CANCELLATION POLICY<\/strong><\/p><p>Cancellations, modifications or no-shows less than 24 hours before the appointment, or 4 hours for bookings made on the same day, will result in the loss of the \u20ac50 deposit per person.<\/p><p>In the case of appointments that do not require a deposit, if the cancellation or modification is not made at least 24 hours before the scheduled appointment, or 4 hours in the case of bookings made on the same day, Bali Spirit reserves the right to request payment for the next appointment in advance.<\/p><p>You can cancel your reservation by contacting us via WhatsApp at +34 650 328 560, by calling +34 934 517 085, or at our center at Aribau 59 street in Barcelona.<\/p><p><strong>PRICES<\/strong><\/p><p>The prices of the treatments listed on the website are shown in \u20ac and are final purchase prices. <a href=\"https:\/\/balispirit.es\/en\/\">www.balispirit.es<\/a> reserves the right to modify its prices at any time. However, Bali Spirit is committed to applying the rates in effect as shown on the website at the time of your purchase. <\/p><p><strong>ARRIVAL AT BALI SPIRIT SPA<\/strong><\/p><p>We recommend arriving 10 minutes before your appointment to allow time to change and fill out the LDPD form.<\/p><p>For administrative reasons, the ID number of the person making the reservation will be requested.<\/p><p><strong>DURATION OF YOUR TREATMENT<\/strong><\/p><p>The treatment time is booked before entering the treatment room; however, it can always be extended if the schedule allows. The therapist will check with reception to see if there is availability. <\/p><p>If you arrive later than your appointment time, the service will be interrupted and you will receive less time than you had booked, you will still have to pay for the service in full.<\/p><p>Once the service is finished, the therapist will notify you that your treatment has ended.<\/p><p>The treatment rooms must be vacated after the service is completed. Bali Spirit allows a maximum of 15 minutes to leave the room after the treatment is finished. Otherwise, the spa reserves the right to apply surcharges in case of non-compliance (\u20ac10 for every additional five minutes).  <\/p><p><strong>SPA RULES<\/strong><\/p><p>Walking barefoot is not permitted in our facilities. It could cause slips and accidents. <\/p><p>Smoking and drug use are prohibited inside the establishment.<\/p><p>If you disrespect your therapist or confuse the massage service with a sexual service, causing discomfort and interrupting the treatment, your therapist may terminate the service and charge the full fee at reception.<\/p><p><strong>ONLINE SHOPPING<\/strong><\/p><p>Any of our treatments can be purchased through our website <a href=\"https:\/\/balispirit.es\/en\/\">www.balispirit.es.<\/a> Purchases are valid for 3 months, except for the Baby Spa, Expectant Mother and Postpartum sections, which are valid for 6 months. <\/p><p>Expired purchases will not be accepted. Before the expiration date, and in extreme cases, you can call to extend it if necessary. <\/p><p>The product can only be purchased through the website; reservations must be made via WhatsApp at +34 650 328 560, by calling +34 934 517 085, or at our center at Aribau 59 street in Barcelona.<\/p><p><strong>GIFT CERTIFICATES<\/strong><\/p><p>You can purchase a gift voucher for any of our treatments through our website <a href=\"https:\/\/balispirit.es\/en\/\">www.balispirit.es<\/a>, via WhatsApp, by phone, or in person. Gift vouchers are valid for 3 months, except for the Baby Spa, Expectant Mother, and Postpartum sections, which are valid for 6 months. <\/p><p>Expired checks will not be accepted. Before the expiration date, and in extreme cases, you may call to extend it if necessary. <\/p><p>If the recipient wishes to modify or extend the treatment or ritual listed on their gift certificate, they can do so by notifying us at the time of booking.<br>\u2013 If you choose treatments with a value higher than the amount of the gift voucher, you will have to pay the corresponding difference on the day of your appointment.<br>\u2013 If you choose a treatment with a lower value than the amount of the gift voucher, the difference will remain pending redemption, always during the validity period of your gift voucher.<\/p><p>You can make the reservation via WhatsApp at +34 650 328 560, by calling +34 934 517 085, or at our center at Aribau 59 street in Barcelona.<\/p><p><strong>VOUCHER<\/strong><\/p><p>We offer the option to purchase vouchers, which Bali Spirit will use to reward your loyalty by giving you credit to spend. These vouchers function as prepayments, and your treatments will be deducted from them as you use them. <\/p><p>These vouchers are for multiple people and do not expire.<\/p><p>You can request more information about our vouchers via WhatsApp at +34 650 328 560, by calling +34 934 517 085, or at our center at Aribau 59 street in Barcelona.<\/p><p><strong>REQUIRED AGE<\/strong><\/p><p>There is no minimum age requirement. Bali Spirit caters to everyone from babies to adults, but minors must be accompanied by an adult. <\/p><p><strong>HEALTH CONDITIONS<\/strong><\/p><p>Inform our team of any health conditions, allergies, or injuries when booking your treatment.<\/p><p><strong>LOSSES OR DAMAGES<\/strong><\/p><p>The Spa will not be responsible for accidents, possible losses or damage to personal belongings.<\/p><p><strong>SPA SHOP<\/strong><\/p><p>To continue your spa experience at home, visit our spa shop where you&#8217;ll find all our best sellers such as oils, peels, and creams.<\/p><p><strong>RETURNS AND EXCHANGES<\/strong><\/p><p>No se realizar\u00e1n devoluciones de pagos ni de servicios ya realizados; sin embargo, se aceptan modificaciones de reservas, siempre y cuando se avisen con 24 horas de antelaci\u00f3n. En el caso de citas realizadas el mismo d\u00eda, dicho aviso debe ser realizado con un m\u00ednimo de 4 horas para ser aceptado. <\/p>\t\t\t\t\t\t\t\t<\/div>\n\t\t\t\t<\/div>\n\t\t\t\t\t<\/div>\n\t\t<\/div>\n\t\t\t\t\t<\/div>\n\t\t<\/section>\n\t\t\t\t<\/div>\n\t\t","protected":false},"excerpt":{"rendered":"<p>SPA Rules and Conditions ADVANCE BOOKING We recommend that you book your treatment in advance to secure your preferred time and service. All therapists at the center are highly qualified, and Bali Spirit reserves the right to assign therapists according to its schedule, although priority will be given to preferences. RESERVATION POLICY To formalize the [&hellip;]<\/p>\n","protected":false},"author":3,"featured_media":0,"parent":0,"menu_order":0,"comment_status":"closed","ping_status":"closed","template":"elementor_header_footer","meta":{"_acf_changed":false,"_joinchat":[],"footnotes":""},"class_list":["post-21555","page","type-page","status-publish","hentry"],"acf":[],"_links":{"self":[{"href":"https:\/\/balispirit.es\/en\/wp-json\/wp\/v2\/pages\/21555","targetHints":{"allow":["GET"]}}],"collection":[{"href":"https:\/\/balispirit.es\/en\/wp-json\/wp\/v2\/pages"}],"about":[{"href":"https:\/\/balispirit.es\/en\/wp-json\/wp\/v2\/types\/page"}],"author":[{"embeddable":true,"href":"https:\/\/balispirit.es\/en\/wp-json\/wp\/v2\/users\/3"}],"replies":[{"embeddable":true,"href":"https:\/\/balispirit.es\/en\/wp-json\/wp\/v2\/comments?post=21555"}],"version-history":[{"count":3,"href":"https:\/\/balispirit.es\/en\/wp-json\/wp\/v2\/pages\/21555\/revisions"}],"predecessor-version":[{"id":21794,"href":"https:\/\/balispirit.es\/en\/wp-json\/wp\/v2\/pages\/21555\/revisions\/21794"}],"wp:attachment":[{"href":"https:\/\/balispirit.es\/en\/wp-json\/wp\/v2\/media?parent=21555"}],"curies":[{"name":"wp","href":"https:\/\/api.w.org\/{rel}","templated":true}]}}